{"id":6791,"date":"2023-07-18T11:15:07","date_gmt":"2023-07-18T14:15:07","guid":{"rendered":"https:\/\/axpr.com.br\/?page_id=6791"},"modified":"2025-02-03T08:55:17","modified_gmt":"2025-02-03T11:55:17","slug":"demo-kit","status":"publish","type":"page","link":"https:\/\/www.axpr.com.br\/en\/demo-kit\/","title":{"rendered":"Demo Kit"},"content":{"rendered":"<div  class=\"tatsu-S1T8q7Ncn tatsu-section    tatsu-clearfix\" data-title=\"\"  data-headerscheme=\"background--dark\"><div class='tatsu-section-pad clearfix' data-padding='{\"d\":\"50px 0px 40px 0px\"}' data-padding-top='50px'><div class=\"tatsu-row-wrap  tatsu-wrap tatsu-row-one-col tatsu-row-has-one-cols tatsu-medium-gutter tatsu-reg-cols  tatsu-clearfix tatsu-S1uQjm4c3\" ><div  class=\"tatsu-row\" ><div  class=\"tatsu-column  tatsu-column-no-bg tatsu-one-col tatsu-column-image-none tatsu-column-effect-none  tatsu-ryluQomNcn\"  data-parallax-speed=\"0\" style=\"\"><div class=\"tatsu-column-inner\" ><div class=\"tatsu-column-pad-wrap\"><div class=\"tatsu-column-pad\" ><div  class=\"tatsu-module tatsu-inline-text clearfix tatsu-rkW_XoX4cn\" ><style>.tatsu-rkW_XoX4cn .tatsu-inline-text-inner{width: 55%;text-align: left;}<\/style><div class=\"tatsu-inline-text-inner tatsu-align-center\"><p style=\"text-align: center;\"><span style=\"font-size: 52px; line-height: 38px; color: #ffffff;\">Demo Kit<\/span><\/p>\n<\/div><\/div><\/div><\/div><div class = \"tatsu-column-bg-image-wrap\"><div class = \"tatsu-column-bg-image tatsu-bg-lazyload\" data-src = \"\"><\/div><\/div><\/div><style>.tatsu-row > .tatsu-ryluQomNcn.tatsu-column{width: 100%;}.tatsu-ryluQomNcn.tatsu-column > .tatsu-column-inner > .tatsu-column-overlay{mix-blend-mode: none;}.tatsu-ryluQomNcn > .tatsu-column-inner > .tatsu-top-divider{z-index: 9999;}.tatsu-ryluQomNcn > .tatsu-column-inner > .tatsu-bottom-divider{z-index: 9999;}.tatsu-ryluQomNcn > .tatsu-column-inner > .tatsu-left-divider{z-index: 9999;}.tatsu-ryluQomNcn > .tatsu-column-inner > .tatsu-right-divider{z-index: 9999;}<\/style><\/div><\/div><\/div><\/div><div class=\"tatsu-section-background-wrap\"><div class = \"tatsu-section-background tatsu-bg-lazyload\" data-src = \"\"><\/div><\/div><style>.tatsu-S1T8q7Ncn.tatsu-section{background-color: rgba(111,37,124,1);}.tatsu-S1T8q7Ncn .tatsu-section-pad{padding: 50px 0px 40px 0px;}.tatsu-S1T8q7Ncn > .tatsu-bottom-divider{z-index: 9999;}.tatsu-S1T8q7Ncn > .tatsu-top-divider{z-index: 9999;}<\/style><\/div><div  class=\"tatsu-hg1f299coaa9lj31 tatsu-section  tatsu-bg-overlay   tatsu-clearfix\" data-title=\"\"  data-headerscheme=\"background--dark\"><div class='tatsu-section-pad clearfix' data-padding='{\"d\":\"40px 0px 90px 0px\"}' data-padding-top='40px'><div class=\"tatsu-row-wrap  tatsu-wrap tatsu-row-one-col tatsu-row-has-one-cols tatsu-medium-gutter tatsu-reg-cols  tatsu-clearfix tatsu-hg1f299cqcfjzdkc\" ><div  class=\"tatsu-row\" ><div  class=\"tatsu-column  tatsu-bg-overlay tatsu-one-col tatsu-column-image-none tatsu-column-effect-none  tatsu-hg1f299cs1dpxwfm\"  data-parallax-speed=\"0\" style=\"\"><div class=\"tatsu-column-inner\" ><div class=\"tatsu-column-pad-wrap\"><div class=\"tatsu-column-pad\" ><div  class=\"tatsu-module tatsu-text-block-wrap tatsu-hg1f299ctk58waq5\"><div class=\"tatsu-text-inner tatsu-align-center  clearfix\" ><style>.tatsu-hg1f299ctk58waq5.tatsu-text-block-wrap .tatsu-text-inner{width: 100%;text-align: left;}<\/style><p><\/p>\n<p class=\"has-medium-font-size\">A AXPR apresenta o <strong>Demo Kit<\/strong>, uma experi\u00eancia enriquecedora e interativa onde \u00e9 poss\u00edvel conhecer a fundo os produtos Masoneilan e SVI, detalhando na pr\u00e1tica como s\u00e3o as conex\u00f5es, possibilidades, funcionamento e muito mais!<\/p>\n<p><\/p>\n<p><\/p>\n<hr class=\"wp-block-separator has-alpha-channel-opacity\" \/>\n<p><\/p>\n<p class=\"has-medium-font-size\">Al\u00e9m disso, temos um um aplicativo interativo que pode ser utilizado para visualizar digitalmente os detalhes da v\u00e1lvula, atuador e posicionador.<\/p>\n<p><\/p>\n<p><\/p>\n<p class=\"has-medium-font-size\">Baixe o aplicativo nas plataformas Google Play e App Store e utilize o seu cart\u00e3o como anteparo para a Realidade Aumentada!<\/p>\n<p><\/p>\n<p><\/p>\n<div class=\"wp-block-columns is-layout-flex wp-container-core-columns-layout-1 wp-block-columns-is-layout-flex\">\n<div class=\"wp-block-column is-layout-flow wp-block-column-is-layout-flow\"><div class=\"wp-block-image\">\n<figure class=\"alignright size-full is-resized\"><a href=\"https:\/\/play.google.com\/store\/apps\/details?id=com.Remedio.ARValves&amp;pli=1\" target=\"_blank\" rel=\"noreferrer noopener\"><img loading=\"lazy\" decoding=\"async\" class=\"wp-image-6792 aligncenter\" src=\"https:\/\/axpr.com.br\/wp-content\/uploads\/2023\/07\/play_store_btn.png\" alt=\"\" width=\"319\" height=\"319\" srcset=\"https:\/\/www.axpr.com.br\/wp-content\/uploads\/2023\/07\/play_store_btn.png 900w, https:\/\/www.axpr.com.br\/wp-content\/uploads\/2023\/07\/play_store_btn-300x300.png 300w, https:\/\/www.axpr.com.br\/wp-content\/uploads\/2023\/07\/play_store_btn-150x150.png 150w, https:\/\/www.axpr.com.br\/wp-content\/uploads\/2023\/07\/play_store_btn-768x768.png 768w, https:\/\/www.axpr.com.br\/wp-content\/uploads\/2023\/07\/play_store_btn-50x50.png 50w, https:\/\/www.axpr.com.br\/wp-content\/uploads\/2023\/07\/play_store_btn-650x650.png 650w\" sizes=\"(max-width: 319px) 100vw, 319px\" \/><\/a><\/figure><\/div><\/p>\n<\/div>\n<p><\/p>\n<p><\/p>\n<div class=\"wp-block-column is-layout-flow wp-block-column-is-layout-flow\"><div class=\"wp-block-image\">\n<figure class=\"alignleft size-full is-resized\"><a href=\"https:\/\/apps.apple.com\/app\/ar-valves\/id6450543691\" target=\"_blank\" rel=\"noreferrer noopener\"><img loading=\"lazy\" decoding=\"async\" class=\"wp-image-6793 aligncenter\" src=\"https:\/\/axpr.com.br\/wp-content\/uploads\/2023\/07\/app_store_btn.png\" alt=\"\" width=\"321\" height=\"321\" srcset=\"https:\/\/www.axpr.com.br\/wp-content\/uploads\/2023\/07\/app_store_btn.png 900w, https:\/\/www.axpr.com.br\/wp-content\/uploads\/2023\/07\/app_store_btn-300x300.png 300w, https:\/\/www.axpr.com.br\/wp-content\/uploads\/2023\/07\/app_store_btn-150x150.png 150w, https:\/\/www.axpr.com.br\/wp-content\/uploads\/2023\/07\/app_store_btn-768x768.png 768w, https:\/\/www.axpr.com.br\/wp-content\/uploads\/2023\/07\/app_store_btn-50x50.png 50w, https:\/\/www.axpr.com.br\/wp-content\/uploads\/2023\/07\/app_store_btn-650x650.png 650w\" sizes=\"(max-width: 321px) 100vw, 321px\" \/><\/a><\/figure><\/div><\/p>\n<\/div>\n<p><\/p>\n<\/div>\n<p><\/p>\n<p><\/p>\n<hr class=\"wp-block-separator has-alpha-channel-opacity\" \/>\n<p><\/p>\n<p>\u00a0<\/p>\n<p class=\"has-large-font-size\">Ficou interessado?<\/p>\n<p>\u00a0<\/p>\n<p><\/p>\n<p><\/p>\n<p class=\"has-large-font-size\"><a href=\"https:\/\/www.axpr.com.br\/en\/contato\/#form\">Marque uma apresenta\u00e7\u00e3o personalizada conosco!<\/a><\/p>\n<p><\/p><\/div><\/div><\/div><\/div><div class = \"tatsu-column-bg-image-wrap\"><div class = \"tatsu-column-bg-image tatsu-bg-lazyload\" data-src = \"\"><\/div><\/div><div class=\"tatsu-overlay tatsu-column-overlay tatsu-animate-none\" ><\/div><\/div><style>.tatsu-row > .tatsu-hg1f299cs1dpxwfm.tatsu-column{width: 100%;}.tatsu-hg1f299cs1dpxwfm.tatsu-column > .tatsu-column-inner > .tatsu-column-overlay{mix-blend-mode: normal;}.tatsu-hg1f299cs1dpxwfm > .tatsu-column-inner > .tatsu-top-divider{z-index: 9999;}.tatsu-hg1f299cs1dpxwfm > .tatsu-column-inner > .tatsu-bottom-divider{z-index: 9999;}.tatsu-hg1f299cs1dpxwfm > .tatsu-column-inner > .tatsu-left-divider{z-index: 9999;}.tatsu-hg1f299cs1dpxwfm > .tatsu-column-inner > .tatsu-right-divider{z-index: 9999;}<\/style><\/div><\/div><\/div><\/div><div class=\"tatsu-section-background-wrap\"><div class = \"tatsu-section-background tatsu-bg-lazyload\" data-src = \"\"><\/div><\/div><div class=\"tatsu-overlay tatsu-section-overlay\"><\/div><style>.tatsu-hg1f299coaa9lj31 .tatsu-section-pad{padding: 40px 0px 90px 0px;}.tatsu-hg1f299coaa9lj31 > .tatsu-bottom-divider{z-index: 9999;}.tatsu-hg1f299coaa9lj31 > .tatsu-top-divider{z-index: 9999;}.tatsu-hg1f299coaa9lj31 .tatsu-section-overlay{mix-blend-mode: normal;}<\/style><\/div>","protected":false},"excerpt":{"rendered":"<p><a href=\"https:\/\/www.axpr.com.br\/en\/demo-kit\/\" class=\"exp-read-more exp-read-more-dots\">&#8230;<\/a><\/p>","protected":false},"author":2,"featured_media":0,"parent":0,"menu_order":0,"comment_status":"closed","ping_status":"closed","template":"","meta":{"footnotes":""},"_links":{"self":[{"href":"https:\/\/www.axpr.com.br\/en\/wp-json\/wp\/v2\/pages\/6791"}],"collection":[{"href":"https:\/\/www.axpr.com.br\/en\/wp-json\/wp\/v2\/pages"}],"about":[{"href":"https:\/\/www.axpr.com.br\/en\/wp-json\/wp\/v2\/types\/page"}],"author":[{"embeddable":true,"href":"https:\/\/www.axpr.com.br\/en\/wp-json\/wp\/v2\/users\/2"}],"replies":[{"embeddable":true,"href":"https:\/\/www.axpr.com.br\/en\/wp-json\/wp\/v2\/comments?post=6791"}],"version-history":[{"count":10,"href":"https:\/\/www.axpr.com.br\/en\/wp-json\/wp\/v2\/pages\/6791\/revisions"}],"predecessor-version":[{"id":7071,"href":"https:\/\/www.axpr.com.br\/en\/wp-json\/wp\/v2\/pages\/6791\/revisions\/7071"}],"wp:attachment":[{"href":"https:\/\/www.axpr.com.br\/en\/wp-json\/wp\/v2\/media?parent=6791"}],"curies":[{"name":"wp","href":"https:\/\/api.w.org\/{rel}","templated":true}]}}